{"id":1946,"date":"2020-12-20T19:41:58","date_gmt":"2020-12-20T19:41:58","guid":{"rendered":"https:\/\/devo.essenzmedia.de\/?page_id=1946"},"modified":"2022-03-27T22:10:36","modified_gmt":"2022-03-27T20:10:36","slug":"impressum","status":"publish","type":"page","link":"https:\/\/www.essenzmedia.de\/en\/impressum\/","title":{"rendered":"Impressum"},"content":{"rendered":"<div data-elementor-type=\"wp-page\" data-elementor-id=\"1946\" class=\"elementor elementor-1946\" data-elementor-settings=\"[]\">\n\t\t\t\t\t\t<div class=\"elementor-inner\">\n\t\t\t\t\t\t\t<div class=\"elementor-section-wrap\">\n\t\t\t\t\t\t\t<section class=\"elementor-section elementor-top-section elementor-element elementor-element-7b4b9db9 elementor-section-boxed elementor-section-height-default elementor-section-height-default\" data-id=\"7b4b9db9\" data-element_type=\"section\" data-settings=\"{&quot;background_background&quot;:&quot;classic&quot;}\">\n\t\t\t\t\t\t<div class=\"elementor-container elementor-column-gap-default\">\n\t\t\t\t\t\t\t<div class=\"elementor-row\">\n\t\t\t\t\t<div class=\"elementor-column elementor-col-100 elementor-top-column elementor-element elementor-element-32ebd603\" data-id=\"32ebd603\" data-element_type=\"column\">\n\t\t\t<div class=\"elementor-column-wrap elementor-element-populated\">\n\t\t\t\t\t\t\t<div class=\"elementor-widget-wrap\">\n\t\t\t\t\t\t<div class=\"elementor-element elementor-element-448f78e elementor-widget elementor-widget-heading\" data-id=\"448f78e\" data-element_type=\"widget\" data-widget_type=\"heading.default\">\n\t\t\t\t<div class=\"elementor-widget-container\">\n\t\t\t<h1 class=\"elementor-heading-title elementor-size-large\">Imprint.<\/h1>\t\t<\/div>\n\t\t\t\t<\/div>\n\t\t\t\t<div class=\"elementor-element elementor-element-62aa0fde elementor-widget elementor-widget-text-editor\" data-id=\"62aa0fde\" data-element_type=\"widget\" data-widget_type=\"text-editor.default\">\n\t\t\t\t<div class=\"elementor-widget-container\">\n\t\t\t\t\t\t\t\t<div class=\"elementor-text-editor elementor-clearfix\">\n\t\t\t\t\t<p><strong>Information according to \u00a7 5 TMG<\/strong><br \/>essenzmedia GbR<br \/>Heinrich-Campendonk-Str. 5<br \/>41470 Neuss<\/p><p><strong>Represented by the shareholders:<\/strong><br \/>Resul B\u00fclb\u00fcl<br \/>Sertan Dalkiran<br \/>Furkan Kocat\u00fcrk<\/p><p><strong>Contact<\/strong><br \/>Telefon: +492137 9384935<br \/>E-Mail: contact@essenzmedia.de<br \/>www.essenzmedia.de<\/p><p><strong>Sales tax ID<\/strong><br \/>Sales tax identification number according to \u00a727 a Umsatzsteuergesetz:<br \/>DE320673883<\/p><p><strong>Dispute resolution<\/strong><br \/>The European Commission provides a platform for online dispute resolution (ODR): https:\/\/ec.europa.eu\/consumers\/odr.<br \/>You can find our e-mail address in the imprint above.<\/p><p>We are not willing or obliged to participate in dispute resolution proceedings before a consumer arbitration board.<\/p><p><strong>Liability for contents<\/strong><br \/>As a service provider, we are responsible for our own content on these pages in accordance with general legislation pursuant to Section 7 (1) of the German Telemedia Act (TMG). According to \u00a7\u00a7 8 to 10 TMG, however, we are not obligated as a service provider to monitor transmitted or stored third-party information or to investigate circumstances that indicate illegal activity.<\/p><p>Obligations to remove or block the use of information according to general laws remain unaffected. However, liability in this regard is only possible from the time of knowledge of a concrete infringement. If we become aware of such infringements, we will remove this content immediately.<\/p><p><strong>Liability for links<\/strong><br \/>Our offer contains links to external websites of third parties, on whose contents we have no influence. Therefore, we cannot assume any liability for these external contents. The respective provider or operator of the pages is always responsible for the content of the linked pages. The linked pages were checked for possible legal violations at the time of linking. Illegal contents were not recognizable at the time of linking. However, a permanent control of the contents of the linked pages is not reasonable without concrete evidence of a violation of the law. If we become aware of any infringements, we will remove such links immediately.<br \/>Copyright<\/p><p>The content and works created by the site operators on these pages are subject to German copyright law. The reproduction, editing, distribution and any kind of exploitation outside the limits of copyright require the written consent of the respective author or creator. Downloads and copies of this site are only permitted for private, non-commercial use. Insofar as the content on this site was not created by the operator, the copyrights of third parties are respected. In particular, third-party content is identified as such. Should you nevertheless become aware of a copyright infringement, please inform us accordingly. If we become aware of any infringements, we will remove such content immediately.<\/p>\t\t\t\t\t<\/div>\n\t\t\t\t\t\t<\/div>\n\t\t\t\t<\/div>\n\t\t\t\t\t\t<\/div>\n\t\t\t\t\t<\/div>\n\t\t<\/div>\n\t\t\t\t\t\t\t\t<\/div>\n\t\t\t\t\t<\/div>\n\t\t<\/section>\n\t\t\t\t\t\t<\/div>\n\t\t\t\t\t\t<\/div>\n\t\t\t\t\t<\/div>","protected":false},"excerpt":{"rendered":"<p>Impressum. Angaben gem\u00e4\u00df \u00a7 5 TMGessenzmedia GbRHeinrich-Campendonk-Str. 541470 Neuss Vertreten durch die Gesellschafter:Resul B\u00fclb\u00fclSertan DalkiranFurkan Kocat\u00fcrk KontaktTelefon: +492137 9384935E-Mail: contact@essenzmedia.dewww.essenzmedia.de Umsatzsteuer-IDUmsatzsteuer-Identifikationsnummer gem\u00e4\u00df \u00a727 a Umsatzsteuergesetz:DE320673883 StreitschlichtungDie Europ\u00e4ische Kommission stellt eine Plattform zur Online-Streitbeilegung (OS) bereit: https:\/\/ec.europa.eu\/consumers\/odr.Unsere E-Mail-Adresse finden Sie oben im Impressum. Wir sind nicht bereit oder verpflichtet, an Streitbeilegungsverfahren vor einer Verbraucherschlichtungsstelle teilzunehmen. Haftung [&hellip;]<\/p>","protected":false},"author":3,"featured_media":0,"parent":0,"menu_order":0,"comment_status":"closed","ping_status":"closed","template":"elementor_header_footer","meta":[],"_links":{"self":[{"href":"https:\/\/www.essenzmedia.de\/en\/wp-json\/wp\/v2\/pages\/1946"}],"collection":[{"href":"https:\/\/www.essenzmedia.de\/en\/wp-json\/wp\/v2\/pages"}],"about":[{"href":"https:\/\/www.essenzmedia.de\/en\/wp-json\/wp\/v2\/types\/page"}],"author":[{"embeddable":true,"href":"https:\/\/www.essenzmedia.de\/en\/wp-json\/wp\/v2\/users\/3"}],"replies":[{"embeddable":true,"href":"https:\/\/www.essenzmedia.de\/en\/wp-json\/wp\/v2\/comments?post=1946"}],"version-history":[{"count":42,"href":"https:\/\/www.essenzmedia.de\/en\/wp-json\/wp\/v2\/pages\/1946\/revisions"}],"predecessor-version":[{"id":7699,"href":"https:\/\/www.essenzmedia.de\/en\/wp-json\/wp\/v2\/pages\/1946\/revisions\/7699"}],"wp:attachment":[{"href":"https:\/\/www.essenzmedia.de\/en\/wp-json\/wp\/v2\/media?parent=1946"}],"curies":[{"name":"wp","href":"https:\/\/api.w.org\/{rel}","templated":true}]}}